{"id":4676,"date":"2025-05-20T16:34:47","date_gmt":"2025-05-20T14:34:47","guid":{"rendered":"https:\/\/globalex.ma\/?post_type=product&#038;p=4676"},"modified":"2025-06-12T12:30:49","modified_gmt":"2025-06-12T10:30:49","slug":"barriere-de-securite-extensible","status":"publish","type":"product","link":"https:\/\/globalex.ma\/?product=barriere-de-securite-extensible","title":{"rendered":"Barri\u00e8re de s\u00e9curit\u00e9 extensible"},"content":{"rendered":"","protected":false},"excerpt":{"rendered":"<h1 class=\"page-title\"><strong><span class=\"base\" data-ui-id=\"page-title-wrapper\">BARRIERE EXTENSIBLE 24CM A 260CM<\/span><\/strong><\/h1>\n<p><a href=\"https:\/\/globalex.ma\/wp-content\/uploads\/2025\/05\/DOC-20240711-WA0019.pdf\">FICHE TECHNIQUE<\/a><\/p>\n<p>&nbsp;<\/p>\n","protected":false},"featured_media":4678,"comment_status":"open","ping_status":"closed","template":"","meta":[],"product_brand":[],"product_cat":[195],"product_tag":[],"class_list":{"0":"post-4676","1":"product","2":"type-product","3":"status-publish","4":"has-post-thumbnail","6":"product_cat-divers","8":"first","9":"instock","10":"shipping-taxable","11":"purchasable","12":"product-type-simple"},"yoast_head":"<!-- This site is optimized with the Yoast SEO plugin v25.1 - https:\/\/yoast.com\/wordpress\/plugins\/seo\/ -->\n<title>Barri\u00e8re de s\u00e9curit\u00e9 extensible - Globalex<\/title>\n<meta name=\"robots\" content=\"index, follow, max-snippet:-1, max-image-preview:large, max-video-preview:-1\" \/>\n<link rel=\"canonical\" href=\"https:\/\/globalex.ma\/?product=barriere-de-securite-extensible\" \/>\n<meta property=\"og:locale\" content=\"fr_FR\" \/>\n<meta property=\"og:type\" content=\"article\" \/>\n<meta property=\"og:title\" content=\"Barri\u00e8re de s\u00e9curit\u00e9 extensible - Globalex\" \/>\n<meta property=\"og:description\" content=\"BARRIERE EXTENSIBLE 24CM A 260CM FICHE TECHNIQUE  &nbsp;\" \/>\n<meta property=\"og:url\" content=\"https:\/\/globalex.ma\/?product=barriere-de-securite-extensible\" \/>\n<meta property=\"og:site_name\" content=\"Globalex\" \/>\n<meta property=\"article:modified_time\" content=\"2025-06-12T10:30:49+00:00\" \/>\n<meta property=\"og:image\" content=\"https:\/\/globalex.ma\/wp-content\/uploads\/2025\/05\/Capture.JPG1_.jpg\" \/>\n\t<meta property=\"og:image:width\" content=\"552\" \/>\n\t<meta property=\"og:image:height\" content=\"513\" \/>\n\t<meta property=\"og:image:type\" content=\"image\/jpeg\" \/>\n<meta name=\"twitter:card\" content=\"summary_large_image\" \/>\n<meta name=\"twitter:label1\" content=\"Dur\u00e9e de lecture estim\u00e9e\" \/>\n\t<meta name=\"twitter:data1\" content=\"1 minute\" \/>\n<script type=\"application\/ld+json\" class=\"yoast-schema-graph\">{\"@context\":\"https:\/\/schema.org\",\"@graph\":[{\"@type\":\"WebPage\",\"@id\":\"https:\/\/globalex.ma\/?product=barriere-de-securite-extensible\",\"url\":\"https:\/\/globalex.ma\/?product=barriere-de-securite-extensible\",\"name\":\"Barri\u00e8re de s\u00e9curit\u00e9 extensible - Globalex\",\"isPartOf\":{\"@id\":\"https:\/\/globalex.ma\/#website\"},\"primaryImageOfPage\":{\"@id\":\"https:\/\/globalex.ma\/?product=barriere-de-securite-extensible#primaryimage\"},\"image\":{\"@id\":\"https:\/\/globalex.ma\/?product=barriere-de-securite-extensible#primaryimage\"},\"thumbnailUrl\":\"https:\/\/globalex.ma\/wp-content\/uploads\/2025\/05\/Capture.JPG1_.jpg\",\"datePublished\":\"2025-05-20T14:34:47+00:00\",\"dateModified\":\"2025-06-12T10:30:49+00:00\",\"breadcrumb\":{\"@id\":\"https:\/\/globalex.ma\/?product=barriere-de-securite-extensible#breadcrumb\"},\"inLanguage\":\"fr-FR\",\"potentialAction\":[{\"@type\":\"ReadAction\",\"target\":[\"https:\/\/globalex.ma\/?product=barriere-de-securite-extensible\"]}]},{\"@type\":\"ImageObject\",\"inLanguage\":\"fr-FR\",\"@id\":\"https:\/\/globalex.ma\/?product=barriere-de-securite-extensible#primaryimage\",\"url\":\"https:\/\/globalex.ma\/wp-content\/uploads\/2025\/05\/Capture.JPG1_.jpg\",\"contentUrl\":\"https:\/\/globalex.ma\/wp-content\/uploads\/2025\/05\/Capture.JPG1_.jpg\",\"width\":552,\"height\":513},{\"@type\":\"BreadcrumbList\",\"@id\":\"https:\/\/globalex.ma\/?product=barriere-de-securite-extensible#breadcrumb\",\"itemListElement\":[{\"@type\":\"ListItem\",\"position\":1,\"name\":\"Home\",\"item\":\"https:\/\/globalex.ma\/\"},{\"@type\":\"ListItem\",\"position\":2,\"name\":\"Shop\",\"item\":\"https:\/\/globalex.ma\/?page_id=121\"},{\"@type\":\"ListItem\",\"position\":3,\"name\":\"Barri\u00e8re de s\u00e9curit\u00e9 extensible\"}]},{\"@type\":\"WebSite\",\"@id\":\"https:\/\/globalex.ma\/#website\",\"url\":\"https:\/\/globalex.ma\/\",\"name\":\"Globalex\",\"description\":\"globalex\",\"publisher\":{\"@id\":\"https:\/\/globalex.ma\/#organization\"},\"potentialAction\":[{\"@type\":\"SearchAction\",\"target\":{\"@type\":\"EntryPoint\",\"urlTemplate\":\"https:\/\/globalex.ma\/?s={search_term_string}\"},\"query-input\":{\"@type\":\"PropertyValueSpecification\",\"valueRequired\":true,\"valueName\":\"search_term_string\"}}],\"inLanguage\":\"fr-FR\"},{\"@type\":\"Organization\",\"@id\":\"https:\/\/globalex.ma\/#organization\",\"name\":\"Globalex\",\"url\":\"https:\/\/globalex.ma\/\",\"logo\":{\"@type\":\"ImageObject\",\"inLanguage\":\"fr-FR\",\"@id\":\"https:\/\/globalex.ma\/#\/schema\/logo\/image\/\",\"url\":\"https:\/\/globalex.ma\/wp-content\/uploads\/2025\/04\/cropped-globlex-logo-removebg-preview-1.png\",\"contentUrl\":\"https:\/\/globalex.ma\/wp-content\/uploads\/2025\/04\/cropped-globlex-logo-removebg-preview-1.png\",\"width\":512,\"height\":512,\"caption\":\"Globalex\"},\"image\":{\"@id\":\"https:\/\/globalex.ma\/#\/schema\/logo\/image\/\"}}]}<\/script>\n<!-- \/ Yoast SEO plugin. -->","yoast_head_json":{"title":"Barri\u00e8re de s\u00e9curit\u00e9 extensible - Globalex","robots":{"index":"index","follow":"follow","max-snippet":"max-snippet:-1","max-image-preview":"max-image-preview:large","max-video-preview":"max-video-preview:-1"},"canonical":"https:\/\/globalex.ma\/?product=barriere-de-securite-extensible","og_locale":"fr_FR","og_type":"article","og_title":"Barri\u00e8re de s\u00e9curit\u00e9 extensible - Globalex","og_description":"BARRIERE EXTENSIBLE 24CM A 260CM FICHE TECHNIQUE  &nbsp;","og_url":"https:\/\/globalex.ma\/?product=barriere-de-securite-extensible","og_site_name":"Globalex","article_modified_time":"2025-06-12T10:30:49+00:00","og_image":[{"width":552,"height":513,"url":"https:\/\/globalex.ma\/wp-content\/uploads\/2025\/05\/Capture.JPG1_.jpg","type":"image\/jpeg"}],"twitter_card":"summary_large_image","twitter_misc":{"Dur\u00e9e de lecture estim\u00e9e":"1 minute"},"schema":{"@context":"https:\/\/schema.org","@graph":[{"@type":"WebPage","@id":"https:\/\/globalex.ma\/?product=barriere-de-securite-extensible","url":"https:\/\/globalex.ma\/?product=barriere-de-securite-extensible","name":"Barri\u00e8re de s\u00e9curit\u00e9 extensible - Globalex","isPartOf":{"@id":"https:\/\/globalex.ma\/#website"},"primaryImageOfPage":{"@id":"https:\/\/globalex.ma\/?product=barriere-de-securite-extensible#primaryimage"},"image":{"@id":"https:\/\/globalex.ma\/?product=barriere-de-securite-extensible#primaryimage"},"thumbnailUrl":"https:\/\/globalex.ma\/wp-content\/uploads\/2025\/05\/Capture.JPG1_.jpg","datePublished":"2025-05-20T14:34:47+00:00","dateModified":"2025-06-12T10:30:49+00:00","breadcrumb":{"@id":"https:\/\/globalex.ma\/?product=barriere-de-securite-extensible#breadcrumb"},"inLanguage":"fr-FR","potentialAction":[{"@type":"ReadAction","target":["https:\/\/globalex.ma\/?product=barriere-de-securite-extensible"]}]},{"@type":"ImageObject","inLanguage":"fr-FR","@id":"https:\/\/globalex.ma\/?product=barriere-de-securite-extensible#primaryimage","url":"https:\/\/globalex.ma\/wp-content\/uploads\/2025\/05\/Capture.JPG1_.jpg","contentUrl":"https:\/\/globalex.ma\/wp-content\/uploads\/2025\/05\/Capture.JPG1_.jpg","width":552,"height":513},{"@type":"BreadcrumbList","@id":"https:\/\/globalex.ma\/?product=barriere-de-securite-extensible#breadcrumb","itemListElement":[{"@type":"ListItem","position":1,"name":"Home","item":"https:\/\/globalex.ma\/"},{"@type":"ListItem","position":2,"name":"Shop","item":"https:\/\/globalex.ma\/?page_id=121"},{"@type":"ListItem","position":3,"name":"Barri\u00e8re de s\u00e9curit\u00e9 extensible"}]},{"@type":"WebSite","@id":"https:\/\/globalex.ma\/#website","url":"https:\/\/globalex.ma\/","name":"Globalex","description":"globalex","publisher":{"@id":"https:\/\/globalex.ma\/#organization"},"potentialAction":[{"@type":"SearchAction","target":{"@type":"EntryPoint","urlTemplate":"https:\/\/globalex.ma\/?s={search_term_string}"},"query-input":{"@type":"PropertyValueSpecification","valueRequired":true,"valueName":"search_term_string"}}],"inLanguage":"fr-FR"},{"@type":"Organization","@id":"https:\/\/globalex.ma\/#organization","name":"Globalex","url":"https:\/\/globalex.ma\/","logo":{"@type":"ImageObject","inLanguage":"fr-FR","@id":"https:\/\/globalex.ma\/#\/schema\/logo\/image\/","url":"https:\/\/globalex.ma\/wp-content\/uploads\/2025\/04\/cropped-globlex-logo-removebg-preview-1.png","contentUrl":"https:\/\/globalex.ma\/wp-content\/uploads\/2025\/04\/cropped-globlex-logo-removebg-preview-1.png","width":512,"height":512,"caption":"Globalex"},"image":{"@id":"https:\/\/globalex.ma\/#\/schema\/logo\/image\/"}}]}},"_links":{"self":[{"href":"https:\/\/globalex.ma\/index.php?rest_route=\/wp\/v2\/product\/4676","targetHints":{"allow":["GET"]}}],"collection":[{"href":"https:\/\/globalex.ma\/index.php?rest_route=\/wp\/v2\/product"}],"about":[{"href":"https:\/\/globalex.ma\/index.php?rest_route=\/wp\/v2\/types\/product"}],"replies":[{"embeddable":true,"href":"https:\/\/globalex.ma\/index.php?rest_route=%2Fwp%2Fv2%2Fcomments&post=4676"}],"wp:featuredmedia":[{"embeddable":true,"href":"https:\/\/globalex.ma\/index.php?rest_route=\/wp\/v2\/media\/4678"}],"wp:attachment":[{"href":"https:\/\/globalex.ma\/index.php?rest_route=%2Fwp%2Fv2%2Fmedia&parent=4676"}],"wp:term":[{"taxonomy":"product_brand","embeddable":true,"href":"https:\/\/globalex.ma\/index.php?rest_route=%2Fwp%2Fv2%2Fproduct_brand&post=4676"},{"taxonomy":"product_cat","embeddable":true,"href":"https:\/\/globalex.ma\/index.php?rest_route=%2Fwp%2Fv2%2Fproduct_cat&post=4676"},{"taxonomy":"product_tag","embeddable":true,"href":"https:\/\/globalex.ma\/index.php?rest_route=%2Fwp%2Fv2%2Fproduct_tag&post=4676"}],"curies":[{"name":"wp","href":"https:\/\/api.w.org\/{rel}","templated":true}]}}